{"id":13,"date":"2022-03-03T14:32:36","date_gmt":"2022-03-03T11:32:36","guid":{"rendered":"http:\/\/localhost\/tarzajans\/?page_id=13"},"modified":"2022-06-17T23:36:08","modified_gmt":"2022-06-17T20:36:08","slug":"grafik-tasarim","status":"publish","type":"page","link":"http:\/\/www.tarzajans.com\/?page_id=13","title":{"rendered":"GRAF\u0130K TASARIM"},"content":{"rendered":"\t\t<div data-elementor-type=\"wp-page\" data-elementor-id=\"13\" class=\"elementor elementor-13\">\n\t\t\t\t\t\t<section class=\"elementor-section elementor-top-section elementor-element elementor-element-e7d4478 elementor-section-full_width elementor-section-stretched elementor-section-height-default elementor-section-height-default\" data-id=\"e7d4478\" data-element_type=\"section\" data-settings=\"{&quot;stretch_section&quot;:&quot;section-stretched&quot;}\">\n\t\t\t\t\t\t<div class=\"elementor-container elementor-column-gap-default\">\n\t\t\t\t\t<div class=\"elementor-column elementor-col-50 elementor-top-column elementor-element elementor-element-ba33fa1\" data-id=\"ba33fa1\" data-element_type=\"column\">\n\t\t\t<div class=\"elementor-widget-wrap elementor-element-populated\">\n\t\t\t\t\t\t<div class=\"elementor-element elementor-element-30fae3b elementor-widget elementor-widget-heading\" data-id=\"30fae3b\" data-element_type=\"widget\" data-widget_type=\"heading.default\">\n\t\t\t\t<div class=\"elementor-widget-container\">\n\t\t\t\t\t<h4 class=\"elementor-heading-title elementor-size-default\">Hayal g\u00fcc\u00fcm\u00fcze, tecr\u00fcbemize ve yetene\u011fimize g\u00fcveniyoruz.<\/h4>\t\t\t\t<\/div>\n\t\t\t\t<\/div>\n\t\t\t\t<div class=\"elementor-element elementor-element-8924b6e elementor-widget-divider--view-line elementor-widget elementor-widget-divider\" data-id=\"8924b6e\" data-element_type=\"widget\" data-widget_type=\"divider.default\">\n\t\t\t\t<div class=\"elementor-widget-container\">\n\t\t\t\t\t\t\t<div class=\"elementor-divider\">\n\t\t\t<span class=\"elementor-divider-separator\">\n\t\t\t\t\t\t<\/span>\n\t\t<\/div>\n\t\t\t\t\t\t<\/div>\n\t\t\t\t<\/div>\n\t\t\t\t<div class=\"elementor-element elementor-element-c4b4299 elementor-widget elementor-widget-text-editor\" data-id=\"c4b4299\" data-element_type=\"widget\" data-widget_type=\"text-editor.default\">\n\t\t\t\t<div class=\"elementor-widget-container\">\n\t\t\t\t\t\t\t\t\t<p>Selam vermek i\u00e7in \u015f\u00f6yle bir elinizi kald\u0131rsan\u0131z tasar\u0131mc\u0131ya \u00e7arpar. O kadar fazlay\u0131z, yani fazlalar. Biz \u201ctasar\u0131m program\u0131 kullanabilen\u201dden ziyade\u201c<strong>tasar\u0131mc\u0131<\/strong>\u201d s\u0131fat\u0131n\u0131n alt\u0131n\u0131 dolduran i\u015fler ortaya koyuyoruz.\u00a0\u0130nternet deryas\u0131n\u0131n\u00a0s\u0131n\u0131rs\u0131z opsiyonuna de\u011fil, hayal g\u00fcc\u00fcm\u00fcze, tecr\u00fcbemize ve yetene\u011fimize g\u00fcveniyoruz.<\/p><p>La Sagrada Familia&#8217;y\u0131 tekrar tasarlama i\u015flerine bakm\u0131yoruz i\u015fimiz bu de\u011fil. Peki\u00a0<strong>dijital tasar\u0131m<\/strong>\u00a0ba\u015fl\u0131\u011f\u0131 alt\u0131nda ne ler yap\u0131yoruz:<\/p>\t\t\t\t\t\t\t\t<\/div>\n\t\t\t\t<\/div>\n\t\t\t\t<div class=\"elementor-element elementor-element-0f7685e elementor-widget elementor-widget-text-editor\" data-id=\"0f7685e\" data-element_type=\"widget\" data-widget_type=\"text-editor.default\">\n\t\t\t\t<div class=\"elementor-widget-container\">\n\t\t\t\t\t\t\t\t\t<p><img fetchpriority=\"high\" class=\" wp-image-1510 alignright\" src=\"http:\/\/localhost\/tarzajans\/wp-content\/uploads\/2022\/04\/08-grafik-tasarim-169x300.jpg\" alt=\"\" width=\"240\" height=\"426\" srcset=\"http:\/\/www.tarzajans.com\/wp-content\/uploads\/2022\/04\/08-grafik-tasarim-169x300.jpg 169w, http:\/\/www.tarzajans.com\/wp-content\/uploads\/2022\/04\/08-grafik-tasarim.jpg 576w\" sizes=\"(max-width: 240px) 100vw, 240px\" \/><\/p><ul><li><strong>Logo tasar\u0131m\u0131<\/strong><\/li><li><strong data-wp-editing=\"1\">Kurumsal Kimlik tasar\u0131m\u0131<\/strong><\/li><li><strong>Afi\u015f tasar\u0131m\u0131<\/strong><\/li><li><strong>Bro\u015f\u00fcr tasar\u0131m\u0131<\/strong><\/li><li><strong>Katalog tasar\u0131m\u0131<\/strong><\/li><li><strong>Billboard tasar\u0131m\u0131<\/strong><\/li><li><strong>CLP tasar\u0131m\u0131<\/strong><\/li><li><strong>Dergi tasar\u0131m\u0131<\/strong><\/li><li><strong>Kitap tasar\u0131m\u0131<\/strong><\/li><li><strong>Sahne tasar\u0131m\u0131<\/strong><\/li><li><strong>Roll-up tasar\u0131m\u0131\u00a0<\/strong>ve benzeri t\u00fcm ticari tasar\u0131m i\u015flerini yap\u0131yoruz.<\/li><\/ul>\t\t\t\t\t\t\t\t<\/div>\n\t\t\t\t<\/div>\n\t\t\t\t\t<\/div>\n\t\t<\/div>\n\t\t\t\t<div class=\"elementor-column elementor-col-50 elementor-top-column elementor-element elementor-element-13c8ae9\" data-id=\"13c8ae9\" data-element_type=\"column\">\n\t\t\t<div class=\"elementor-widget-wrap elementor-element-populated\">\n\t\t\t\t\t\t<div class=\"elementor-element elementor-element-79a32a9 elementor-widget elementor-widget-heading\" data-id=\"79a32a9\" data-element_type=\"widget\" data-widget_type=\"heading.default\">\n\t\t\t\t<div class=\"elementor-widget-container\">\n\t\t\t\t\t<h2 class=\"elementor-heading-title elementor-size-default\">Neler Yap\u0131yoruz<\/h2>\t\t\t\t<\/div>\n\t\t\t\t<\/div>\n\t\t\t\t<div class=\"elementor-element elementor-element-594cf9c elementor-position-left elementor-view-default elementor-mobile-position-top elementor-vertical-align-top elementor-widget elementor-widget-icon-box\" data-id=\"594cf9c\" data-element_type=\"widget\" data-widget_type=\"icon-box.default\">\n\t\t\t\t<div class=\"elementor-widget-container\">\n\t\t\t\t\t\t\t<div class=\"elementor-icon-box-wrapper\">\n\n\t\t\t\t\t\t<div class=\"elementor-icon-box-icon\">\n\t\t\t\t<a href=\"http:\/\/localhost\/tarzajans\/grafik-tasarim\/\" target=\"_blank\" class=\"elementor-icon\" tabindex=\"-1\" aria-label=\"Grafik Tasar\u0131m\">\n\t\t\t\t<i aria-hidden=\"true\" class=\"fas fa-edit\"><\/i>\t\t\t\t<\/a>\n\t\t\t<\/div>\n\t\t\t\n\t\t\t\t\t\t<div class=\"elementor-icon-box-content\">\n\n\t\t\t\t\t\t\t\t\t<h4 class=\"elementor-icon-box-title\">\n\t\t\t\t\t\t<a href=\"http:\/\/localhost\/tarzajans\/grafik-tasarim\/\" target=\"_blank\" >\n\t\t\t\t\t\t\tGrafik Tasar\u0131m\t\t\t\t\t\t<\/a>\n\t\t\t\t\t<\/h4>\n\t\t\t\t\n\t\t\t\t\n\t\t\t<\/div>\n\t\t\t\n\t\t<\/div>\n\t\t\t\t\t\t<\/div>\n\t\t\t\t<\/div>\n\t\t\t\t<div class=\"elementor-element elementor-element-8e88091 elementor-position-left elementor-view-default elementor-mobile-position-top elementor-vertical-align-top elementor-widget elementor-widget-icon-box\" data-id=\"8e88091\" data-element_type=\"widget\" data-widget_type=\"icon-box.default\">\n\t\t\t\t<div class=\"elementor-widget-container\">\n\t\t\t\t\t\t\t<div class=\"elementor-icon-box-wrapper\">\n\n\t\t\t\t\t\t<div class=\"elementor-icon-box-icon\">\n\t\t\t\t<a href=\"http:\/\/localhost\/tarzajans\/tanitim-filmi\/\" class=\"elementor-icon\" tabindex=\"-1\" aria-label=\"Tan\u0131t\u0131m Filmi \u00c7ekimleri\">\n\t\t\t\t<i aria-hidden=\"true\" class=\"fas fa-video\"><\/i>\t\t\t\t<\/a>\n\t\t\t<\/div>\n\t\t\t\n\t\t\t\t\t\t<div class=\"elementor-icon-box-content\">\n\n\t\t\t\t\t\t\t\t\t<h4 class=\"elementor-icon-box-title\">\n\t\t\t\t\t\t<a href=\"http:\/\/localhost\/tarzajans\/tanitim-filmi\/\" >\n\t\t\t\t\t\t\tTan\u0131t\u0131m Filmi \u00c7ekimleri\t\t\t\t\t\t<\/a>\n\t\t\t\t\t<\/h4>\n\t\t\t\t\n\t\t\t\t\n\t\t\t<\/div>\n\t\t\t\n\t\t<\/div>\n\t\t\t\t\t\t<\/div>\n\t\t\t\t<\/div>\n\t\t\t\t<div class=\"elementor-element elementor-element-553d345 elementor-position-left elementor-view-default elementor-mobile-position-top elementor-vertical-align-top elementor-widget elementor-widget-icon-box\" data-id=\"553d345\" data-element_type=\"widget\" data-widget_type=\"icon-box.default\">\n\t\t\t\t<div class=\"elementor-widget-container\">\n\t\t\t\t\t\t\t<div class=\"elementor-icon-box-wrapper\">\n\n\t\t\t\t\t\t<div class=\"elementor-icon-box-icon\">\n\t\t\t\t<a href=\"http:\/\/localhost\/tarzajans\/fotograf-cekimi\/\" class=\"elementor-icon\" tabindex=\"-1\" aria-label=\"Foto\u011fraf \u00c7ekimleri\">\n\t\t\t\t<i aria-hidden=\"true\" class=\"fas fa-camera\"><\/i>\t\t\t\t<\/a>\n\t\t\t<\/div>\n\t\t\t\n\t\t\t\t\t\t<div class=\"elementor-icon-box-content\">\n\n\t\t\t\t\t\t\t\t\t<h4 class=\"elementor-icon-box-title\">\n\t\t\t\t\t\t<a href=\"http:\/\/localhost\/tarzajans\/fotograf-cekimi\/\" >\n\t\t\t\t\t\t\tFoto\u011fraf \u00c7ekimleri\t\t\t\t\t\t<\/a>\n\t\t\t\t\t<\/h4>\n\t\t\t\t\n\t\t\t\t\n\t\t\t<\/div>\n\t\t\t\n\t\t<\/div>\n\t\t\t\t\t\t<\/div>\n\t\t\t\t<\/div>\n\t\t\t\t<div class=\"elementor-element elementor-element-d762c02 elementor-position-left elementor-view-default elementor-mobile-position-top elementor-vertical-align-top elementor-widget elementor-widget-icon-box\" data-id=\"d762c02\" data-element_type=\"widget\" data-widget_type=\"icon-box.default\">\n\t\t\t\t<div class=\"elementor-widget-container\">\n\t\t\t\t\t\t\t<div class=\"elementor-icon-box-wrapper\">\n\n\t\t\t\t\t\t<div class=\"elementor-icon-box-icon\">\n\t\t\t\t<a href=\"http:\/\/localhost\/tarzajans\/web-tasarim\/\" class=\"elementor-icon\" tabindex=\"-1\" aria-label=\"Web Tasar\u0131m\">\n\t\t\t\t<i aria-hidden=\"true\" class=\"fas fa-laptop\"><\/i>\t\t\t\t<\/a>\n\t\t\t<\/div>\n\t\t\t\n\t\t\t\t\t\t<div class=\"elementor-icon-box-content\">\n\n\t\t\t\t\t\t\t\t\t<h4 class=\"elementor-icon-box-title\">\n\t\t\t\t\t\t<a href=\"http:\/\/localhost\/tarzajans\/web-tasarim\/\" >\n\t\t\t\t\t\t\tWeb Tasar\u0131m\t\t\t\t\t\t<\/a>\n\t\t\t\t\t<\/h4>\n\t\t\t\t\n\t\t\t\t\n\t\t\t<\/div>\n\t\t\t\n\t\t<\/div>\n\t\t\t\t\t\t<\/div>\n\t\t\t\t<\/div>\n\t\t\t\t<div class=\"elementor-element elementor-element-255271c elementor-position-left elementor-view-default elementor-mobile-position-top elementor-vertical-align-top elementor-widget elementor-widget-icon-box\" data-id=\"255271c\" data-element_type=\"widget\" data-widget_type=\"icon-box.default\">\n\t\t\t\t<div class=\"elementor-widget-container\">\n\t\t\t\t\t\t\t<div class=\"elementor-icon-box-wrapper\">\n\n\t\t\t\t\t\t<div class=\"elementor-icon-box-icon\">\n\t\t\t\t<a href=\"http:\/\/localhost\/tarzajans\/sosyal-medya-yonetimi\/\" class=\"elementor-icon\" tabindex=\"-1\" aria-label=\"Sosyal Medya Y\u00f6netimi\">\n\t\t\t\t<i aria-hidden=\"true\" class=\"fas fa-comments\"><\/i>\t\t\t\t<\/a>\n\t\t\t<\/div>\n\t\t\t\n\t\t\t\t\t\t<div class=\"elementor-icon-box-content\">\n\n\t\t\t\t\t\t\t\t\t<h4 class=\"elementor-icon-box-title\">\n\t\t\t\t\t\t<a href=\"http:\/\/localhost\/tarzajans\/sosyal-medya-yonetimi\/\" >\n\t\t\t\t\t\t\tSosyal Medya Y\u00f6netimi\t\t\t\t\t\t<\/a>\n\t\t\t\t\t<\/h4>\n\t\t\t\t\n\t\t\t\t\n\t\t\t<\/div>\n\t\t\t\n\t\t<\/div>\n\t\t\t\t\t\t<\/div>\n\t\t\t\t<\/div>\n\t\t\t\t\t<\/div>\n\t\t<\/div>\n\t\t\t\t\t<\/div>\n\t\t<\/section>\n\t\t\t\t<section class=\"elementor-section elementor-top-section elementor-element elementor-element-51cb19f elementor-section-full_width elementor-section-height-min-height elementor-section-stretched elementor-section-height-default elementor-section-items-middle\" data-id=\"51cb19f\" data-element_type=\"section\" data-settings=\"{&quot;stretch_section&quot;:&quot;section-stretched&quot;,&quot;background_background&quot;:&quot;classic&quot;}\">\n\t\t\t\t\t\t<div class=\"elementor-container elementor-column-gap-default\">\n\t\t\t\t\t<div class=\"elementor-column elementor-col-33 elementor-top-column elementor-element elementor-element-6951d09\" data-id=\"6951d09\" data-element_type=\"column\">\n\t\t\t<div class=\"elementor-widget-wrap elementor-element-populated\">\n\t\t\t\t\t\t<div class=\"elementor-element elementor-element-7435b09 elementor-widget elementor-widget-image\" data-id=\"7435b09\" data-element_type=\"widget\" data-widget_type=\"image.default\">\n\t\t\t\t<div class=\"elementor-widget-container\">\n\t\t\t\t\t\t\t\t\t\t\t\t\t\t\t<img width=\"300\" height=\"300\" src=\"http:\/\/www.tarzajans.com\/wp-content\/uploads\/2022\/05\/Basliksiz-2-01-300x300.png\" class=\"attachment-medium size-medium wp-image-1640\" alt=\"\" srcset=\"http:\/\/www.tarzajans.com\/wp-content\/uploads\/2022\/05\/Basliksiz-2-01-300x300.png 300w, http:\/\/www.tarzajans.com\/wp-content\/uploads\/2022\/05\/Basliksiz-2-01-1024x1024.png 1024w, http:\/\/www.tarzajans.com\/wp-content\/uploads\/2022\/05\/Basliksiz-2-01-150x150.png 150w, http:\/\/www.tarzajans.com\/wp-content\/uploads\/2022\/05\/Basliksiz-2-01-768x768.png 768w, http:\/\/www.tarzajans.com\/wp-content\/uploads\/2022\/05\/Basliksiz-2-01-1536x1536.png 1536w, http:\/\/www.tarzajans.com\/wp-content\/uploads\/2022\/05\/Basliksiz-2-01-2048x2048.png 2048w\" sizes=\"(max-width: 300px) 100vw, 300px\" \/>\t\t\t\t\t\t\t\t\t\t\t\t\t\t\t<\/div>\n\t\t\t\t<\/div>\n\t\t\t\t\t<\/div>\n\t\t<\/div>\n\t\t\t\t<div class=\"elementor-column elementor-col-33 elementor-top-column elementor-element elementor-element-27b41a7\" data-id=\"27b41a7\" data-element_type=\"column\">\n\t\t\t<div class=\"elementor-widget-wrap elementor-element-populated\">\n\t\t\t\t\t\t<div class=\"elementor-element elementor-element-60f4d86 elementor-widget elementor-widget-text-editor\" data-id=\"60f4d86\" data-element_type=\"widget\" data-widget_type=\"text-editor.default\">\n\t\t\t\t<div class=\"elementor-widget-container\">\n\t\t\t\t\t\t\t\t\t<ul><li>Anasayfa<\/li><li>Hakk\u0131m\u0131zda<\/li><li>Neler Yap\u0131yoruz<\/li><li>Neler Yapt\u0131k<\/li><li>\u0130leti\u015fim<\/li><\/ul>\t\t\t\t\t\t\t\t<\/div>\n\t\t\t\t<\/div>\n\t\t\t\t\t<\/div>\n\t\t<\/div>\n\t\t\t\t<div class=\"elementor-column elementor-col-33 elementor-top-column elementor-element elementor-element-beb63ff\" data-id=\"beb63ff\" data-element_type=\"column\">\n\t\t\t<div class=\"elementor-widget-wrap elementor-element-populated\">\n\t\t\t\t\t\t<div class=\"elementor-element elementor-element-9cbb2c8 elementor-widget elementor-widget-text-editor\" data-id=\"9cbb2c8\" data-element_type=\"widget\" data-widget_type=\"text-editor.default\">\n\t\t\t\t<div class=\"elementor-widget-container\">\n\t\t\t\t\t\t\t\t\t<p><strong>\u0130leti\u015fim Bilgilerimiz<\/strong><\/p><ul><li>\u00a01514. Sokak No:21, 06378 <br \/>\u0130vedik Osb\/Yenimahalle\/Ankara<\/li><li><i class=\"flaticon-call\"><\/i><span aria-label=\"(0312) 395 27 17 Numaral\u0131 Telefonu Ara\">\u00a0(0312) <\/span><span aria-label=\"(0312) 395 27 17 Numaral\u0131 Telefonu Ara\">395 <\/span><span aria-label=\"(0312) 395 27 17 Numaral\u0131 Telefonu Ara\">27 17<\/span><i class=\"flaticon-paper-plane\"><\/i><\/li><li>\u00a00532 517 99 98<\/li><li>medya@tarzajans.com<\/li><\/ul>\t\t\t\t\t\t\t\t<\/div>\n\t\t\t\t<\/div>\n\t\t\t\t\t<\/div>\n\t\t<\/div>\n\t\t\t\t\t<\/div>\n\t\t<\/section>\n\t\t\t\t<section class=\"elementor-section elementor-top-section elementor-element elementor-element-efc3fce elementor-section-stretched elementor-section-boxed elementor-section-height-default elementor-section-height-default\" data-id=\"efc3fce\" data-element_type=\"section\" data-settings=\"{&quot;stretch_section&quot;:&quot;section-stretched&quot;,&quot;background_background&quot;:&quot;classic&quot;}\">\n\t\t\t\t\t\t<div class=\"elementor-container elementor-column-gap-default\">\n\t\t\t\t\t<div class=\"elementor-column elementor-col-100 elementor-top-column elementor-element elementor-element-1a9b171\" data-id=\"1a9b171\" data-element_type=\"column\">\n\t\t\t<div class=\"elementor-widget-wrap elementor-element-populated\">\n\t\t\t\t\t\t<div class=\"elementor-element elementor-element-814330e elementor-widget elementor-widget-text-editor\" data-id=\"814330e\" data-element_type=\"widget\" data-widget_type=\"text-editor.default\">\n\t\t\t\t<div class=\"elementor-widget-container\">\n\t\t\t\t\t\t\t\t\t<p>Copyright \u00a9 2022 <a href=\"http:\/\/localhost\/tarzajans\/\"><span style=\"color: black;\">Tarz Ajans <\/span><\/a><\/p>\t\t\t\t\t\t\t\t<\/div>\n\t\t\t\t<\/div>\n\t\t\t\t\t<\/div>\n\t\t<\/div>\n\t\t\t\t\t<\/div>\n\t\t<\/section>\n\t\t\t\t<\/div>\n\t\t","protected":false},"excerpt":{"rendered":"<p>Hayal g\u00fcc\u00fcm\u00fcze, tecr\u00fcbemize ve yetene\u011fimize g\u00fcveniyoruz. Selam vermek i\u00e7in \u015f\u00f6yle bir elinizi kald\u0131rsan\u0131z tasar\u0131mc\u0131ya \u00e7arpar. O kadar fazlay\u0131z, yani fazlalar. Biz \u201ctasar\u0131m program\u0131 kullanabilen\u201dden ziyade\u201ctasar\u0131mc\u0131\u201d s\u0131fat\u0131n\u0131n alt\u0131n\u0131 dolduran i\u015fler ortaya koyuyoruz.\u00a0\u0130nternet deryas\u0131n\u0131n\u00a0s\u0131n\u0131rs\u0131z opsiyonuna de\u011fil, hayal g\u00fcc\u00fcm\u00fcze, tecr\u00fcbemize ve yetene\u011fimize g\u00fcveniyoruz. La Sagrada Familia&#8217;y\u0131 tekrar tasarlama i\u015flerine bakm\u0131yoruz i\u015fimiz bu de\u011fil. Peki\u00a0dijital tasar\u0131m\u00a0ba\u015fl\u0131\u011f\u0131 alt\u0131nda ne ler &hellip;<\/p>\n<p class=\"read-more\"> <a class=\"\" href=\"http:\/\/www.tarzajans.com\/?page_id=13\"> <span class=\"screen-reader-text\">GRAF\u0130K TASARIM<\/span> Devam\u0131 &raquo;<\/a><\/p>\n","protected":false},"author":1,"featured_media":0,"parent":0,"menu_order":0,"comment_status":"closed","ping_status":"closed","template":"","meta":{"site-sidebar-layout":"no-sidebar","site-content-layout":"page-builder","ast-global-header-display":"","ast-main-header-display":"","ast-hfb-above-header-display":"","ast-hfb-below-header-display":"","ast-hfb-mobile-header-display":"","site-post-title":"disabled","ast-breadcrumbs-content":"","ast-featured-img":"disabled","footer-sml-layout":"","theme-transparent-header-meta":"","adv-header-id-meta":"","stick-header-meta":"","header-above-stick-meta":"","header-main-stick-meta":"","header-below-stick-meta":"","footnotes":""},"class_list":["post-13","page","type-page","status-publish","hentry"],"_links":{"self":[{"href":"http:\/\/www.tarzajans.com\/index.php?rest_route=\/wp\/v2\/pages\/13","targetHints":{"allow":["GET"]}}],"collection":[{"href":"http:\/\/www.tarzajans.com\/index.php?rest_route=\/wp\/v2\/pages"}],"about":[{"href":"http:\/\/www.tarzajans.com\/index.php?rest_route=\/wp\/v2\/types\/page"}],"author":[{"embeddable":true,"href":"http:\/\/www.tarzajans.com\/index.php?rest_route=\/wp\/v2\/users\/1"}],"replies":[{"embeddable":true,"href":"http:\/\/www.tarzajans.com\/index.php?rest_route=%2Fwp%2Fv2%2Fcomments&post=13"}],"version-history":[{"count":0,"href":"http:\/\/www.tarzajans.com\/index.php?rest_route=\/wp\/v2\/pages\/13\/revisions"}],"wp:attachment":[{"href":"http:\/\/www.tarzajans.com\/index.php?rest_route=%2Fwp%2Fv2%2Fmedia&parent=13"}],"curies":[{"name":"wp","href":"https:\/\/api.w.org\/{rel}","templated":true}]}}